{"id":9,"date":"2019-04-10T12:40:58","date_gmt":"2019-04-10T12:40:58","guid":{"rendered":"https:\/\/brunomaster.com\/?page_id=9"},"modified":"2021-01-22T22:52:41","modified_gmt":"2021-01-22T22:52:41","slug":"sakums","status":"publish","type":"page","link":"https:\/\/brunomaster.com\/en\/","title":{"rendered":"Home"},"content":{"rendered":"","protected":false},"excerpt":{"rendered":"","protected":false},"author":1,"featured_media":0,"parent":0,"menu_order":0,"comment_status":"closed","ping_status":"closed","template":"","meta":[],"yoast_head":"<!-- This site is optimized with the Yoast SEO plugin v15.0 - https:\/\/yoast.com\/wordpress\/plugins\/seo\/ -->\n<meta name=\"description\" content=\"[:lv]Brunomaster pied\u0101v\u0101 pal\u012bglas\u012b\u0161anas programmat\u016bra un teksta priek\u0161las\u012bt\u0101jus person\u0101m ar redzes vai las\u012b\u0161anas trauc\u0113jumiem, disleksiju[:en]Brunomaster offers assistive reading software and reading machines (text to speech) for blind and visually impaired persons.\" \/>\n<meta name=\"robots\" content=\"index, follow, max-snippet:-1, max-image-preview:large, max-video-preview:-1\" \/>\n<link rel=\"canonical\" href=\"https:\/\/brunomaster.com\/\" \/>\n<meta property=\"og:locale\" content=\"en_US\" \/>\n<meta property=\"og:type\" content=\"article\" \/>\n<meta property=\"og:title\" content=\"[:lv]Brunomaster - Teksta priek\u0161las\u012bt\u0101js - disleksija un logop\u0113dijas produkti[:en]Brunomaster - Blind text reader - dyslexia and speech therapists products\" \/>\n<meta property=\"og:description\" content=\"[:lv]Brunomaster pied\u0101v\u0101 pal\u012bglas\u012b\u0161anas programmat\u016bra un teksta priek\u0161las\u012bt\u0101jus person\u0101m ar redzes vai las\u012b\u0161anas trauc\u0113jumiem, disleksiju[:en]Brunomaster offers assistive reading software and reading machines (text to speech) for blind and visually impaired persons.\" \/>\n<meta property=\"og:url\" content=\"https:\/\/brunomaster.com\/\" \/>\n<meta property=\"og:site_name\" content=\"Brunomaster\" \/>\n<meta property=\"article:modified_time\" content=\"2021-01-22T22:52:41+00:00\" \/>\n<meta name=\"twitter:card\" content=\"summary_large_image\" \/>\n<script type=\"application\/ld+json\" class=\"yoast-schema-graph\">{\"@context\":\"https:\/\/schema.org\",\"@graph\":[{\"@type\":\"WebSite\",\"@id\":\"https:\/\/brunomaster.com\/en\/#website\",\"url\":\"https:\/\/brunomaster.com\/en\/\",\"name\":\"Brunomaster\",\"description\":\"Brunomaster\",\"potentialAction\":[{\"@type\":\"SearchAction\",\"target\":\"https:\/\/brunomaster.com\/en\/?s={search_term_string}\",\"query-input\":\"required name=search_term_string\"}],\"inLanguage\":\"en-US\"},{\"@type\":\"WebPage\",\"@id\":\"https:\/\/brunomaster.com\/#webpage\",\"url\":\"https:\/\/brunomaster.com\/\",\"name\":\"[:lv]Brunomaster - Teksta priek\\u0161las\\u012bt\\u0101js - disleksija un logop\\u0113dijas produkti[:en]Brunomaster - Blind text reader - dyslexia and speech therapists products\",\"isPartOf\":{\"@id\":\"https:\/\/brunomaster.com\/en\/#website\"},\"datePublished\":\"2019-04-10T12:40:58+00:00\",\"dateModified\":\"2021-01-22T22:52:41+00:00\",\"description\":\"[:lv]Brunomaster pied\\u0101v\\u0101 pal\\u012bglas\\u012b\\u0161anas programmat\\u016bra un teksta priek\\u0161las\\u012bt\\u0101jus person\\u0101m ar redzes vai las\\u012b\\u0161anas trauc\\u0113jumiem, disleksiju[:en]Brunomaster offers assistive reading software and reading machines (text to speech) for blind and visually impaired persons.\",\"breadcrumb\":{\"@id\":\"https:\/\/brunomaster.com\/#breadcrumb\"},\"inLanguage\":\"en-US\",\"potentialAction\":[{\"@type\":\"ReadAction\",\"target\":[\"https:\/\/brunomaster.com\/\"]}]},{\"@type\":\"BreadcrumbList\",\"@id\":\"https:\/\/brunomaster.com\/#breadcrumb\",\"itemListElement\":[{\"@type\":\"ListItem\",\"position\":1,\"item\":{\"@type\":\"WebPage\",\"@id\":\"https:\/\/brunomaster.com\/\",\"url\":\"https:\/\/brunomaster.com\/\",\"name\":\"Home\"}},{\"@type\":\"ListItem\",\"position\":2,\"item\":{\"@type\":\"WebPage\",\"@id\":\"https:\/\/brunomaster.com\/\",\"url\":\"https:\/\/brunomaster.com\/\",\"name\":\"S\\u0101kums\"}}]}]}<\/script>\n<!-- \/ Yoast SEO plugin. -->","_links":{"self":[{"href":"https:\/\/brunomaster.com\/en\/wp-json\/wp\/v2\/pages\/9"}],"collection":[{"href":"https:\/\/brunomaster.com\/en\/wp-json\/wp\/v2\/pages"}],"about":[{"href":"https:\/\/brunomaster.com\/en\/wp-json\/wp\/v2\/types\/page"}],"author":[{"embeddable":true,"href":"https:\/\/brunomaster.com\/en\/wp-json\/wp\/v2\/users\/1"}],"replies":[{"embeddable":true,"href":"https:\/\/brunomaster.com\/en\/wp-json\/wp\/v2\/comments?post=9"}],"version-history":[{"count":7,"href":"https:\/\/brunomaster.com\/en\/wp-json\/wp\/v2\/pages\/9\/revisions"}],"predecessor-version":[{"id":144,"href":"https:\/\/brunomaster.com\/en\/wp-json\/wp\/v2\/pages\/9\/revisions\/144"}],"wp:attachment":[{"href":"https:\/\/brunomaster.com\/en\/wp-json\/wp\/v2\/media?parent=9"}],"curies":[{"name":"wp","href":"https:\/\/api.w.org\/{rel}","templated":true}]}}